{"id":1092,"date":"2020-11-22T23:47:13","date_gmt":"2020-11-22T22:47:13","guid":{"rendered":"https:\/\/gaujaldesaintbon.com\/?page_id=1092"},"modified":"2025-07-09T10:46:50","modified_gmt":"2025-07-09T08:46:50","slug":"actualites","status":"publish","type":"page","link":"https:\/\/gaujaldesaintbon.com\/en\/actualites\/","title":{"rendered":"News"},"content":{"rendered":"<div style=\"height:2px\" aria-hidden=\"true\" class=\"wp-block-spacer\"><\/div>\n\n\n\n<p><\/p>\n\n\n\n<hr class=\"wp-block-separator has-alpha-channel-opacity\"\/>\n\n\n\n<p><strong>Summer is waking up, the bans are fading but vigilance remains ...<\/strong><\/p>\n\n\n\n<hr class=\"wp-block-separator has-css-opacity\"\/>\n\n\n\n<div style=\"height:8px\" aria-hidden=\"true\" class=\"wp-block-spacer\"><\/div>\n\n\n\n<h4 class=\"wp-block-heading\">SUMMER: it&#039;s party time. <\/h4>\n\n\n\n<div style=\"height:8px\" aria-hidden=\"true\" class=\"wp-block-spacer\"><\/div>\n\n\n\n<h4 class=\"wp-block-heading has-text-align-center\">Authentic Languedoc, its joie de vivre, its good humor, music and local products<\/h4>\n\n\n\n<div style=\"height:15px\" aria-hidden=\"true\" class=\"wp-block-spacer\"><\/div>\n\n\n\n<h4 class=\"wp-block-heading has-text-align-center\">You are there, we are there with our wines:<\/h4>\n\n\n\n<div style=\"height:20px\" aria-hidden=\"true\" class=\"wp-block-spacer\"><\/div>\n\n\n\n<div class=\"wp-block-columns are-vertically-aligned-center is-layout-flex wp-container-core-columns-is-layout-9d6595d7 wp-block-columns-is-layout-flex\">\n<div class=\"wp-block-column is-vertically-aligned-center is-layout-flow wp-block-column-is-layout-flow\"><div class=\"wp-block-image\">\n<figure class=\"aligncenter size-full\"><img loading=\"lazy\" decoding=\"async\" width=\"434\" height=\"116\" src=\"https:\/\/gaujaldesaintbon.com\/wp-content\/uploads\/2022\/08\/Rose-qui-fait-des-Vagues.jpg\" alt=\"\" class=\"wp-image-1627\" srcset=\"https:\/\/gaujaldesaintbon.com\/wp-content\/uploads\/2022\/08\/Rose-qui-fait-des-Vagues.jpg 434w, https:\/\/gaujaldesaintbon.com\/wp-content\/uploads\/2022\/08\/Rose-qui-fait-des-Vagues-300x80.jpg 300w, https:\/\/gaujaldesaintbon.com\/wp-content\/uploads\/2022\/08\/Rose-qui-fait-des-Vagues-18x5.jpg 18w\" sizes=\"auto, (max-width: 434px) 100vw, 434px\" \/><\/figure><\/div><\/div>\n\n\n\n<div class=\"wp-block-column is-vertically-aligned-center is-layout-flow wp-block-column-is-layout-flow\">\n<p class=\"has-text-align-center\"><\/p>\n\n\n\n<p class=\"has-text-align-center\">August 5 in Marseillan city<\/p>\n<\/div>\n\n\n\n<div class=\"wp-block-column is-vertically-aligned-center is-layout-flow wp-block-column-is-layout-flow\">\n<figure class=\"wp-block-image size-large\"><img loading=\"lazy\" decoding=\"async\" width=\"1024\" height=\"507\" src=\"https:\/\/gaujaldesaintbon.com\/wp-content\/uploads\/2022\/08\/IGP-Cote-de-Thau-\u2014-Logo-1024x507.jpg\" alt=\"\" class=\"wp-image-1626\" srcset=\"https:\/\/gaujaldesaintbon.com\/wp-content\/uploads\/2022\/08\/IGP-Cote-de-Thau-\u2014-Logo-1024x507.jpg 1024w, https:\/\/gaujaldesaintbon.com\/wp-content\/uploads\/2022\/08\/IGP-Cote-de-Thau-\u2014-Logo-300x149.jpg 300w, https:\/\/gaujaldesaintbon.com\/wp-content\/uploads\/2022\/08\/IGP-Cote-de-Thau-\u2014-Logo-768x380.jpg 768w, https:\/\/gaujaldesaintbon.com\/wp-content\/uploads\/2022\/08\/IGP-Cote-de-Thau-\u2014-Logo-1536x761.jpg 1536w, https:\/\/gaujaldesaintbon.com\/wp-content\/uploads\/2022\/08\/IGP-Cote-de-Thau-\u2014-Logo-18x9.jpg 18w, https:\/\/gaujaldesaintbon.com\/wp-content\/uploads\/2022\/08\/IGP-Cote-de-Thau-\u2014-Logo-600x297.jpg 600w, https:\/\/gaujaldesaintbon.com\/wp-content\/uploads\/2022\/08\/IGP-Cote-de-Thau-\u2014-Logo.jpg 1700w\" sizes=\"auto, (max-width: 1024px) 100vw, 1024px\" \/><\/figure>\n<\/div>\n<\/div>\n\n\n\n<div class=\"wp-block-columns are-vertically-aligned-center is-layout-flex wp-container-core-columns-is-layout-9d6595d7 wp-block-columns-is-layout-flex\">\n<div class=\"wp-block-column is-vertically-aligned-center is-layout-flow wp-block-column-is-layout-flow\">\n<figure class=\"wp-block-image size-large\"><img loading=\"lazy\" decoding=\"async\" width=\"1024\" height=\"847\" src=\"https:\/\/gaujaldesaintbon.com\/wp-content\/uploads\/2022\/08\/LogoPP_Complet-Couleur-1024x847.jpg\" alt=\"\" class=\"wp-image-1622\" srcset=\"https:\/\/gaujaldesaintbon.com\/wp-content\/uploads\/2022\/08\/LogoPP_Complet-Couleur-1024x847.jpg 1024w, https:\/\/gaujaldesaintbon.com\/wp-content\/uploads\/2022\/08\/LogoPP_Complet-Couleur-300x248.jpg 300w, https:\/\/gaujaldesaintbon.com\/wp-content\/uploads\/2022\/08\/LogoPP_Complet-Couleur-768x635.jpg 768w, https:\/\/gaujaldesaintbon.com\/wp-content\/uploads\/2022\/08\/LogoPP_Complet-Couleur-1536x1270.jpg 1536w, https:\/\/gaujaldesaintbon.com\/wp-content\/uploads\/2022\/08\/LogoPP_Complet-Couleur-15x12.jpg 15w, https:\/\/gaujaldesaintbon.com\/wp-content\/uploads\/2022\/08\/LogoPP_Complet-Couleur-600x496.jpg 600w, https:\/\/gaujaldesaintbon.com\/wp-content\/uploads\/2022\/08\/LogoPP_Complet-Couleur.jpg 1561w\" sizes=\"auto, (max-width: 1024px) 100vw, 1024px\" \/><\/figure>\n<\/div>\n\n\n\n<div class=\"wp-block-column is-vertically-aligned-center is-layout-flow wp-block-column-is-layout-flow\">\n<p class=\"has-text-align-center\">August 1st at the Ch\u00e2teau de Castelnau de Guers<\/p>\n<\/div>\n\n\n\n<div class=\"wp-block-column is-vertically-aligned-center is-layout-flow wp-block-column-is-layout-flow\">\n<figure class=\"wp-block-image size-large is-style-rounded\"><img loading=\"lazy\" decoding=\"async\" width=\"885\" height=\"500\" src=\"https:\/\/gaujaldesaintbon.com\/wp-content\/uploads\/2021\/07\/image.jpg\" alt=\"\" class=\"wp-image-1581\" srcset=\"https:\/\/gaujaldesaintbon.com\/wp-content\/uploads\/2021\/07\/image.jpg 885w, https:\/\/gaujaldesaintbon.com\/wp-content\/uploads\/2021\/07\/image-300x169.jpg 300w, https:\/\/gaujaldesaintbon.com\/wp-content\/uploads\/2021\/07\/image-768x434.jpg 768w, https:\/\/gaujaldesaintbon.com\/wp-content\/uploads\/2021\/07\/image-16x9.jpg 16w, https:\/\/gaujaldesaintbon.com\/wp-content\/uploads\/2021\/07\/image-600x339.jpg 600w\" sizes=\"auto, (max-width: 885px) 100vw, 885px\" \/><\/figure>\n<\/div>\n<\/div>\n\n\n\n<div class=\"wp-block-columns are-vertically-aligned-center is-layout-flex wp-container-core-columns-is-layout-9d6595d7 wp-block-columns-is-layout-flex\">\n<div class=\"wp-block-column is-vertically-aligned-center is-layout-flow wp-block-column-is-layout-flow\">\n<figure class=\"wp-block-image size-large is-style-rounded\"><img loading=\"lazy\" decoding=\"async\" width=\"640\" height=\"480\" src=\"https:\/\/gaujaldesaintbon.com\/wp-content\/uploads\/2021\/07\/IMG_0558.jpg\" alt=\"\" class=\"wp-image-1583\" srcset=\"https:\/\/gaujaldesaintbon.com\/wp-content\/uploads\/2021\/07\/IMG_0558.jpg 640w, https:\/\/gaujaldesaintbon.com\/wp-content\/uploads\/2021\/07\/IMG_0558-300x225.jpg 300w, https:\/\/gaujaldesaintbon.com\/wp-content\/uploads\/2021\/07\/IMG_0558-16x12.jpg 16w, https:\/\/gaujaldesaintbon.com\/wp-content\/uploads\/2021\/07\/IMG_0558-600x450.jpg 600w\" sizes=\"auto, (max-width: 640px) 100vw, 640px\" \/><\/figure>\n<\/div>\n\n\n\n<div class=\"wp-block-column is-vertically-aligned-center is-layout-flow wp-block-column-is-layout-flow\">\n<p class=\"has-text-align-center\">July 8<\/p>\n\n\n\n<p class=\"has-text-align-center\">August 8<\/p>\n\n\n\n<p class=\"has-text-align-center\"><\/p>\n<\/div>\n\n\n\n<div class=\"wp-block-column is-vertically-aligned-center is-layout-flow wp-block-column-is-layout-flow\">\n<figure class=\"wp-block-image size-full\"><img loading=\"lazy\" decoding=\"async\" width=\"205\" height=\"206\" src=\"https:\/\/gaujaldesaintbon.com\/wp-content\/uploads\/2022\/08\/Estivales-Saporta.jpg\" alt=\"\" class=\"wp-image-1623\" srcset=\"https:\/\/gaujaldesaintbon.com\/wp-content\/uploads\/2022\/08\/Estivales-Saporta.jpg 205w, https:\/\/gaujaldesaintbon.com\/wp-content\/uploads\/2022\/08\/Estivales-Saporta-150x150.jpg 150w, https:\/\/gaujaldesaintbon.com\/wp-content\/uploads\/2022\/08\/Estivales-Saporta-12x12.jpg 12w, https:\/\/gaujaldesaintbon.com\/wp-content\/uploads\/2022\/08\/Estivales-Saporta-100x100.jpg 100w\" sizes=\"auto, (max-width: 205px) 100vw, 205px\" \/><\/figure>\n<\/div>\n<\/div>\n\n\n\n<div class=\"wp-block-columns are-vertically-aligned-center is-layout-flex wp-container-core-columns-is-layout-9d6595d7 wp-block-columns-is-layout-flex\">\n<div class=\"wp-block-column is-vertically-aligned-center is-layout-flow wp-block-column-is-layout-flow\">\n<figure class=\"wp-block-image size-large\"><img loading=\"lazy\" decoding=\"async\" width=\"1024\" height=\"1024\" src=\"https:\/\/gaujaldesaintbon.com\/wp-content\/uploads\/2022\/08\/Estivales-Villeneuve-les-Maguelone-1024x1024.jpg\" alt=\"\" class=\"wp-image-1625\" srcset=\"https:\/\/gaujaldesaintbon.com\/wp-content\/uploads\/2022\/08\/Estivales-Villeneuve-les-Maguelone-1024x1024.jpg 1024w, https:\/\/gaujaldesaintbon.com\/wp-content\/uploads\/2022\/08\/Estivales-Villeneuve-les-Maguelone-300x300.jpg 300w, https:\/\/gaujaldesaintbon.com\/wp-content\/uploads\/2022\/08\/Estivales-Villeneuve-les-Maguelone-150x150.jpg 150w, https:\/\/gaujaldesaintbon.com\/wp-content\/uploads\/2022\/08\/Estivales-Villeneuve-les-Maguelone-768x768.jpg 768w, https:\/\/gaujaldesaintbon.com\/wp-content\/uploads\/2022\/08\/Estivales-Villeneuve-les-Maguelone-12x12.jpg 12w, https:\/\/gaujaldesaintbon.com\/wp-content\/uploads\/2022\/08\/Estivales-Villeneuve-les-Maguelone-600x600.jpg 600w, https:\/\/gaujaldesaintbon.com\/wp-content\/uploads\/2022\/08\/Estivales-Villeneuve-les-Maguelone-100x100.jpg 100w, https:\/\/gaujaldesaintbon.com\/wp-content\/uploads\/2022\/08\/Estivales-Villeneuve-les-Maguelone.jpg 1456w\" sizes=\"auto, (max-width: 1024px) 100vw, 1024px\" \/><\/figure>\n<\/div>\n\n\n\n<div class=\"wp-block-column is-vertically-aligned-center is-layout-flow wp-block-column-is-layout-flow\">\n<p class=\"has-text-align-center\">July 30<\/p>\n<\/div>\n\n\n\n<div class=\"wp-block-column is-vertically-aligned-center is-layout-flow wp-block-column-is-layout-flow\">\n<figure class=\"wp-block-image size-large is-style-rounded\"><img loading=\"lazy\" decoding=\"async\" width=\"480\" height=\"640\" src=\"https:\/\/gaujaldesaintbon.com\/wp-content\/uploads\/2021\/07\/IMG_0620-rotated.jpg\" alt=\"\" class=\"wp-image-1585\" srcset=\"https:\/\/gaujaldesaintbon.com\/wp-content\/uploads\/2021\/07\/IMG_0620-rotated.jpg 480w, https:\/\/gaujaldesaintbon.com\/wp-content\/uploads\/2021\/07\/IMG_0620-225x300.jpg 225w, https:\/\/gaujaldesaintbon.com\/wp-content\/uploads\/2021\/07\/IMG_0620-9x12.jpg 9w, https:\/\/gaujaldesaintbon.com\/wp-content\/uploads\/2021\/07\/IMG_0620-300x400.jpg 300w\" sizes=\"auto, (max-width: 480px) 100vw, 480px\" \/><\/figure>\n<\/div>\n<\/div>\n\n\n\n<div style=\"height:20px\" aria-hidden=\"true\" class=\"wp-block-spacer\"><\/div>\n\n\n\n<p class=\"has-medium-font-size\"><strong><em>What a pleasure to meet you there<\/em><\/strong>...<\/p>\n\n\n\n<div style=\"height:20px\" aria-hidden=\"true\" class=\"wp-block-spacer\"><\/div>\n\n\n\n<hr class=\"wp-block-separator has-css-opacity\"\/>\n\n\n\n<div style=\"height:20px\" aria-hidden=\"true\" class=\"wp-block-spacer\"><\/div>\n\n\n\n<div class=\"wp-block-columns are-vertically-aligned-center is-layout-flex wp-container-core-columns-is-layout-9d6595d7 wp-block-columns-is-layout-flex\">\n<div class=\"wp-block-column is-vertically-aligned-center is-layout-flow wp-block-column-is-layout-flow\">\n<h4 class=\"wp-block-heading has-text-align-center\">VINOCAP<\/h4>\n\n\n\n<p>The large open-air lounge along the quays in Cap d&#039;Agde where the spray caresses your taste buds and our bottles<\/p>\n\n\n\n<p><\/p>\n<\/div>\n\n\n\n<div class=\"wp-block-column is-vertically-aligned-center is-layout-flow wp-block-column-is-layout-flow\"><\/div>\n\n\n\n<div class=\"wp-block-column is-vertically-aligned-center is-layout-flow wp-block-column-is-layout-flow\"><div class=\"wp-block-image is-style-default\">\n<figure class=\"aligncenter size-large is-resized\"><img loading=\"lazy\" decoding=\"async\" width=\"450\" height=\"633\" src=\"https:\/\/gaujaldesaintbon.com\/wp-content\/uploads\/2021\/07\/Salon-du-Vin-Cap-dAgde-Vinocap-2021.jpg\" alt=\"\" class=\"wp-image-1560\" style=\"width:182px;height:255px\" srcset=\"https:\/\/gaujaldesaintbon.com\/wp-content\/uploads\/2021\/07\/Salon-du-Vin-Cap-dAgde-Vinocap-2021.jpg 450w, https:\/\/gaujaldesaintbon.com\/wp-content\/uploads\/2021\/07\/Salon-du-Vin-Cap-dAgde-Vinocap-2021-213x300.jpg 213w, https:\/\/gaujaldesaintbon.com\/wp-content\/uploads\/2021\/07\/Salon-du-Vin-Cap-dAgde-Vinocap-2021-9x12.jpg 9w\" sizes=\"auto, (max-width: 450px) 100vw, 450px\" \/><\/figure><\/div><\/div>\n<\/div>\n\n\n\n<div class=\"wp-block-columns is-layout-flex wp-container-core-columns-is-layout-9d6595d7 wp-block-columns-is-layout-flex\">\n<div class=\"wp-block-column is-vertically-aligned-center is-layout-flow wp-block-column-is-layout-flow\"><div class=\"wp-block-image is-style-rounded\">\n<figure class=\"aligncenter size-large\"><img loading=\"lazy\" decoding=\"async\" width=\"640\" height=\"480\" src=\"https:\/\/gaujaldesaintbon.com\/wp-content\/uploads\/2021\/07\/IMG_0242.jpg\" alt=\"\" class=\"wp-image-1562\" srcset=\"https:\/\/gaujaldesaintbon.com\/wp-content\/uploads\/2021\/07\/IMG_0242.jpg 640w, https:\/\/gaujaldesaintbon.com\/wp-content\/uploads\/2021\/07\/IMG_0242-300x225.jpg 300w, https:\/\/gaujaldesaintbon.com\/wp-content\/uploads\/2021\/07\/IMG_0242-16x12.jpg 16w, https:\/\/gaujaldesaintbon.com\/wp-content\/uploads\/2021\/07\/IMG_0242-600x450.jpg 600w\" sizes=\"auto, (max-width: 640px) 100vw, 640px\" \/><\/figure><\/div><\/div>\n\n\n\n<div class=\"wp-block-column is-vertically-aligned-center is-layout-flow wp-block-column-is-layout-flow\">\n<p class=\"has-text-align-center\">We will be there with our:<\/p>\n\n\n\n<p class=\"has-text-align-center\">- Picpoul de Pinet<\/p>\n\n\n\n<p class=\"has-text-align-center\">- C\u00f4tes de Thau<\/p>\n<\/div>\n\n\n\n<div class=\"wp-block-column is-vertically-aligned-center is-layout-flow wp-block-column-is-layout-flow\"><div class=\"wp-block-image is-style-rounded\">\n<figure class=\"aligncenter size-large\"><img loading=\"lazy\" decoding=\"async\" width=\"640\" height=\"480\" src=\"https:\/\/gaujaldesaintbon.com\/wp-content\/uploads\/2021\/07\/IMG_3877.jpg\" alt=\"\" class=\"wp-image-1561\" srcset=\"https:\/\/gaujaldesaintbon.com\/wp-content\/uploads\/2021\/07\/IMG_3877.jpg 640w, https:\/\/gaujaldesaintbon.com\/wp-content\/uploads\/2021\/07\/IMG_3877-300x225.jpg 300w, https:\/\/gaujaldesaintbon.com\/wp-content\/uploads\/2021\/07\/IMG_3877-16x12.jpg 16w, https:\/\/gaujaldesaintbon.com\/wp-content\/uploads\/2021\/07\/IMG_3877-600x450.jpg 600w\" sizes=\"auto, (max-width: 640px) 100vw, 640px\" \/><\/figure><\/div><\/div>\n<\/div>\n\n\n\n<div style=\"height:22px\" aria-hidden=\"true\" class=\"wp-block-spacer\"><\/div>\n\n\n\n<p class=\"has-medium-font-size\"><em><strong>To all, we say see you very soon<\/strong><\/em><\/p>\n\n\n\n<div style=\"height:20px\" aria-hidden=\"true\" class=\"wp-block-spacer\"><\/div>\n\n\n\n<hr class=\"wp-block-separator has-css-opacity\"\/>\n\n\n\n<h5 class=\"wp-block-heading\">PICNIC at the Independent Winemaker: Saturday, May 18 from 11 a.m. to 5 p.m.<\/h5>\n\n\n\n<div style=\"height:10px\" aria-hidden=\"true\" class=\"wp-block-spacer\"><\/div>\n\n\n\n<figure class=\"wp-block-image size-large is-resized is-style-default\"><img loading=\"lazy\" decoding=\"async\" width=\"1024\" height=\"768\" src=\"https:\/\/gaujaldesaintbon.com\/wp-content\/uploads\/2021\/06\/IMG_0028-1024x768.jpg\" alt=\"\" class=\"wp-image-1549\" style=\"width:841px;height:630px\" srcset=\"https:\/\/gaujaldesaintbon.com\/wp-content\/uploads\/2021\/06\/IMG_0028-1024x768.jpg 1024w, https:\/\/gaujaldesaintbon.com\/wp-content\/uploads\/2021\/06\/IMG_0028-300x225.jpg 300w, https:\/\/gaujaldesaintbon.com\/wp-content\/uploads\/2021\/06\/IMG_0028-768x576.jpg 768w, https:\/\/gaujaldesaintbon.com\/wp-content\/uploads\/2021\/06\/IMG_0028-1536x1152.jpg 1536w, https:\/\/gaujaldesaintbon.com\/wp-content\/uploads\/2021\/06\/IMG_0028-16x12.jpg 16w, https:\/\/gaujaldesaintbon.com\/wp-content\/uploads\/2021\/06\/IMG_0028-600x450.jpg 600w, https:\/\/gaujaldesaintbon.com\/wp-content\/uploads\/2021\/06\/IMG_0028.jpg 1700w\" sizes=\"auto, (max-width: 1024px) 100vw, 1024px\" \/><\/figure>\n\n\n\n<p class=\"has-text-align-center\"><mark style=\"background-color:rgba(0, 0, 0, 0)\" class=\"has-inline-color has-luminous-vivid-orange-color\">do not forget to <strong>Reserve<\/strong> for a better welcome<\/mark><\/p>\n\n\n\n<p class=\"has-text-align-center\">Barbecue, tables, chairs available<\/p>\n\n\n\n<p class=\"has-text-align-left\">Your picnic, taken from the bag but if you wish a plate of the Sea or the Earth only by reservation<\/p>\n\n\n\n<p><br>Animations:<br>- &quot;from sensation to perception&quot;: from children to adults: tasting accompanied by Domaine wines, from fruit juice to wine<\/p>\n\n\n\n<p>- &quot;from vine to wine: once upon a time ... authenticity told in the feminine&quot;<br>With Elles, tasting is a meeting, an art, a culture.<\/p>\n\n\n\n<hr class=\"wp-block-separator has-css-opacity\"\/>\n\n\n\n<h5 class=\"wp-block-heading\">ALWAYS AT YOUR SERVICE<\/h5>\n\n\n\n<p>We would be very happy to comment on our wines, explain their tastings, by listening to the sensation.<br>Our Estate becomes itinerant the rest of the year through our presence in Winegrowers&#039; Salons all over France.<\/p>\n\n\n\n<p>Do not hesitate to ask us to know:<br>* our different stages and<br>* our points of sale<\/p>\n\n\n\n<p>At your request, we will specify the dates by email and send you invitation cards.<\/p>\n\n\n\n<p>We hope you will come and find our wines in our <a href=\"https:\/\/gaujaldesaintbon.com\/en\/boutique\/\">e-shop<\/a>.<\/p>\n\n\n\n<p>See you soon, the pleasure of seeing you again.<\/p>\n\n\n\n<p><\/p>\n\n\n\n<h2 class=\"wp-block-heading\"><\/h2>\n\n\n\n<div class=\"wp-block-media-text alignwide is-stacked-on-mobile is-vertically-aligned-center\"><figure class=\"wp-block-media-text__media\"><img loading=\"lazy\" decoding=\"async\" width=\"960\" height=\"720\" src=\"https:\/\/gaujaldesaintbon.com\/wp-content\/uploads\/2023\/06\/Fete-des-Peres-2023.jpg\" alt=\"\" class=\"wp-image-1648 size-full\" srcset=\"https:\/\/gaujaldesaintbon.com\/wp-content\/uploads\/2023\/06\/Fete-des-Peres-2023.jpg 960w, https:\/\/gaujaldesaintbon.com\/wp-content\/uploads\/2023\/06\/Fete-des-Peres-2023-300x225.jpg 300w, https:\/\/gaujaldesaintbon.com\/wp-content\/uploads\/2023\/06\/Fete-des-Peres-2023-768x576.jpg 768w, https:\/\/gaujaldesaintbon.com\/wp-content\/uploads\/2023\/06\/Fete-des-Peres-2023-16x12.jpg 16w, https:\/\/gaujaldesaintbon.com\/wp-content\/uploads\/2023\/06\/Fete-des-Peres-2023-600x450.jpg 600w\" sizes=\"auto, (max-width: 960px) 100vw, 960px\" \/><\/figure><div class=\"wp-block-media-text__content\">\n<h2 class=\"wp-block-heading has-text-align-center\"><strong>Father&#039;s Day Special<\/strong><\/h2>\n\n\n\n<p><\/p>\n\n\n\n<p><em>Gift ideas... for your &quot;Dad&quot;<\/em><\/p>\n\n\n\n<p>We are waiting for you at the cellar: <\/p>\n\n\n\n<p>Castle of Pinet Gaujal de Saint Bon<\/p>\n<\/div><\/div>","protected":false},"excerpt":{"rendered":"<p>L'\u00e9t\u00e9 s'\u00e9veille, les interdictions s'estompent mais la vigilance reste... ESTIVALES : c'est la f\u00eate. Le Languedoc authentique, sa joie de vivre, sa bonne humeur, musiques et produits du terroirs Vous y \u00eates, nous y sommes avec nos vins : 5 ao\u00fbt \u00e0 Marseillan ville Le 1 ao\u00fbt au Ch\u00e2teau de Castelnau de Guers le 8 [&hellip;]<\/p>","protected":false},"author":3,"featured_media":889,"parent":0,"menu_order":0,"comment_status":"closed","ping_status":"closed","template":"","meta":{"_acf_changed":false,"footnotes":""},"class_list":["post-1092","page","type-page","status-publish","has-post-thumbnail","hentry"],"acf":[],"aioseo_notices":[],"_links":{"self":[{"href":"https:\/\/gaujaldesaintbon.com\/en\/wp-json\/wp\/v2\/pages\/1092","targetHints":{"allow":["GET"]}}],"collection":[{"href":"https:\/\/gaujaldesaintbon.com\/en\/wp-json\/wp\/v2\/pages"}],"about":[{"href":"https:\/\/gaujaldesaintbon.com\/en\/wp-json\/wp\/v2\/types\/page"}],"author":[{"embeddable":true,"href":"https:\/\/gaujaldesaintbon.com\/en\/wp-json\/wp\/v2\/users\/3"}],"replies":[{"embeddable":true,"href":"https:\/\/gaujaldesaintbon.com\/en\/wp-json\/wp\/v2\/comments?post=1092"}],"version-history":[{"count":43,"href":"https:\/\/gaujaldesaintbon.com\/en\/wp-json\/wp\/v2\/pages\/1092\/revisions"}],"predecessor-version":[{"id":1680,"href":"https:\/\/gaujaldesaintbon.com\/en\/wp-json\/wp\/v2\/pages\/1092\/revisions\/1680"}],"wp:featuredmedia":[{"embeddable":true,"href":"https:\/\/gaujaldesaintbon.com\/en\/wp-json\/wp\/v2\/media\/889"}],"wp:attachment":[{"href":"https:\/\/gaujaldesaintbon.com\/en\/wp-json\/wp\/v2\/media?parent=1092"}],"curies":[{"name":"wp","href":"https:\/\/api.w.org\/{rel}","templated":true}]}}